{"id":3,"date":"2022-08-23T06:51:36","date_gmt":"2022-08-23T06:51:36","guid":{"rendered":"https:\/\/havefunesports.com\/?page_id=3"},"modified":"2023-08-24T09:15:13","modified_gmt":"2023-08-24T09:15:13","slug":"privacy-policy","status":"publish","type":"page","link":"https:\/\/havefunesports.com\/?page_id=3","title":{"rendered":"Politica de confiden\u021bialitate"},"content":{"rendered":"<p>In baza prevederilor Regulamentului nr. 679\/2016 privind protec\u021bia persoanelor fizice \u00een ceea ce prive\u0219te prelucrarea datelor cu caracter personal \u0219i privind libera circula\u021bie a acestor date (GDPR), Prezenta Politica de confidentialitate vizeaza numai clientii YUM SOFTWARE S.R.L. \u015fi utilizatorii serviciilor noastre online, respectiv vizitatorii website-ului nostru. YUM SOFTWARE S.R.L. depune eforturi pentru a asigura protectia confidentialitatii datelor Dumneavoastra personale in calitate de persoana vizata atunci c\u00e2nd utilizati serviciile noastre. In acest sens, prin prezenta politica stabilim atat modul in care datele Dumneavoastra cu caracter personal vor fi procesate, drepturile pe care le aveti ca si persoana vizata dar si modul in care acestea vor fi protejate. Orice modificari efectuate in cadrul prezentei Politici de confidentialitate pot fi gasite daca vizitati website-ul nostru.<\/p>\n<p>YUM SOFTWARE S.R.L. se aliniaza prevederilor Regulamentului nr. 679\/2016 privind protec\u021bia persoanelor fizice \u00een ceea ce prive\u0219te prelucrarea datelor cu caracter personal \u0219i privind libera circula\u021bie a acestor date (GDPR) si prin prezenta Politica generala de Cnfidentialitate vom puncta cateva aspecte importante.<\/p>\n<p>1. Scopul utilizarii datelor cu caracter personal in calitate de persoana vizata<br \/>\nPrin furnizarea datelor Dumneavoastra cu caracter personal, in calitate de persoana vizata va exprimati acordul expres si neechivoc cu privire la utilizarea de catre YUM SOFTWARE S.R.L. a datelor colectate in urmatoarele scopuri:<\/p>\n<p>Pentru a prelua reclamatiile si\/sau sugestiile dumneavoastra si pentru a va raspunde in mod corespunzator, caz in care ne vor fi necesare, spre exemplu, numele, numarul de telefon fix\/mobil, adresa de e-mail;<br \/>\nPentru a va prelua solicitarile online transmise prin intermediul formularului pus la dispozitie pe site-ul  http:\/\/www.yumsoftware.ro caz in care ne vor fi necesare, spre exemplu, numele, numarul de telefon fix\/mobil, adresa;<br \/>\nPentru a va contacta in eventualitatea oricaror probleme ivite in prestarea serviciilor, caz in care ne va fi necesar, spre exemplu, numarul Dumneavoastra de telefon fix\/mobil;<br \/>\nPentru procesul de recrutare atunci cand aplicati online pentru una din pozitiile deschise spre ocupare, caz in care ne va fi necesar numele, numarul de telefon fix\/mobil, adresa de e-mail. Aplicarea la un job\/recrutare. Atunci c\u00e2nd aplica\u021bi pentru un job \u00een cadrul YUM SOFTWARE S.R.L. datele personale vor fi procesate \u0219i controlate de c\u0103tre YUM SOFTWARE S.R.L. si vor fi folosite numai in scopul recrutarii (interviu, comunicari ce au legatura cu procesul de recrutare). Datele cu caracter personal ce sunt folosite in procesul de recrutare nu vor fi stocate pentru o perioad\u0103 mai mare de timp dec\u00e2t cea necesar\u0103 recrutarii \u0219i nu vor fi divulgate persoanelor ter\u021be. Dac\u0103 aplican\u021bii\/candidatii doresc s\u0103 acceseze, s\u0103 modifice sau s\u0103 \u0219tearg\u0103 datele personale dupa incheierea procesului de recrutare, sunt ruga\u021bi s\u0103 contacteze data.protection@yumsoftware.com<br \/>\nDatele Dumneavoastra colectate pentru scopurile enumerate mai sus vor fi pastrate doar atat timp cat este necesar pentru a raspunde scopurilor pentru care au fost colectate respectiv 1 (unu) an sau atat timp cat impune legea, ulterior urmand ca datele personale sa fie sterse ori transformate in date anonime, cu exceptia situatiei in care exista o dispozitie legala imperativa pentru a le pastra.<\/p>\n<p>2. Drepturile Dumneavoastra in calitate de persoana vizata<br \/>\nRegulamentul nr. 679\/2016 privind protec\u021bia persoanelor fizice \u00een ceea ce prive\u0219te prelucrarea datelor cu caracter personal \u0219i privind libera circula\u021bie a acestor date (GDPR) confera mai multe drepturi persoanelor carora li se prelucreaza date personale. Pe toata durata in care datele personale sunt pastrate de catre YUM SOFTWARE S.R.L., Dumneavoastra in calitate de persoana vizata aveti urmatoarele drepturi:<\/p>\n<p>Dreptul de acces inseamna ca aveti dreptul de a obtine o confirmare din partea noastra ca prelucram sau nu datele cu caracter personal care va privesc si, in caz afirmativ, acces la datele respective si la informatii privind modalitatea in care sunt prelucrate datele.<\/p>\n<p>Dreptul la portabilitatea datelor se refera la dreptul de a primi datele personale intr-un format structurat, utilizat in mod curent si care poate fi citit automat si la dreptul ca aceste date sa fie transmise direct altui operator, daca acest lucru este fezabil din punct de vedere tehnic.<\/p>\n<p>Dreptul la opozitie vizeaza dreptul de a va opune prelucrarii datelor personale atunci cand prelucrarea este necesara pentru indeplinirea unei sarcini care serveste unui interes public sau cand are in vedere un interes legitim al operatorului. Atunci cand prelucrarea datelor cu caracter personal are drept scop marketingul direct, aveti dreptul de a va opune prelucrarii in orice moment.<\/p>\n<p>Dreptul la rectificare se refera la corectarea, fara intarzieri nejustificate, a datelor cu caracter personal inexacte. Rectificarea va fi comunicata fiecarui destinatar la care au fost transmise datele, cu exceptia cazului in care acest lucru se dovedeste imposibil sau presupune eforturi disproportionate.<\/p>\n<p>Dreptul la stergerea datelor (&#8220;dreptul de a fi uitat&#8221;) inseamna ca aveti dreptul de a solicita sa va stergem datele cu caracter personal, fara intarzieri nejustificate, in cazul in care se aplica unul dintre urmatoarele motive: acestea nu mai sunt necesare pentru indeplinirea scopurilor pentru care au fost colectate sau prelucrate; va retrageti consimtamantul si nu exista niciun alt temei juridic pentru prelucrare; va opuneti prelucrarii si nu exista motive legitime care sa prevaleze; datele cu caracter personal au fost prelucrate ilegal; datele cu caracter personal trebuie sterse pentru respectarea unei obligatii legale; datele cu caracter personal au fost colectate in legatura cu oferirea de servicii ale societatii informationale.<\/p>\n<p>Dreptul la restrictionarea prelucrarii poate fi exercitat in cazul in care persoana vizata contesta exactitatea datelor, pe o perioada care ne permite verificarea corectitudinii datelor; prelucrarea este ilegala, iar persoana se opune stergerii datelor cu caracter personal, solicitand in schimb restrictionarea; in cazul in care YUM SOFTWARE S.R.L. nu mai are nevoie de datele cu caracter personal in scopul prelucrarii, dar persoana i le solicita pentru constatarea, exercitarea sau apararea unui drept in instanta; in cazul in care persoana vizata s-a opus prelucrarii pentru intervalul de timp in care se verifica daca drepturile legitime ale operatorului prevaleaza asupra celor ale persoanei respective.<\/p>\n<p>Toate aceste drepturi pot sa fi exercitate printr-o cerere scrisa, semnata si datata, transmisa la sediul nostru sau la adresa de email data.protection@yumsoftware.com<\/p>\n<p>In plus, incepand cu 25 mai 2018, daca aveti nemultumiri sau intrebari legate de prelucrarea datelor personale va puteti adresa Responsabilului pentru protectia datelor la adresa data.protection@yumsoftware.com. Plangeri referitoare la prelucrarea datelor personale pot fi adresate Autoritatii Nationale de Supraveghere a Prelucrarii Datelor cu Caracter Personal.<\/p>\n<p>3. Transferul de date<br \/>\nYUM SOFTWARE S.R.L. nu va transfera, vinde sau oferi la schimb datele Dumneavoastra c\u0103tre terti pentru scopuri de marketing.<\/p>\n<p>4. Securitatea datelor Dumneavoastra<br \/>\nYUM SOFTWARE S.R.L. a luat masuri tehnice \u015fi organizatorice pentru asigurarea unui nivel de protectie si de securitate adecvat in cadrul operatiunilor efectuate asupra datelor cu caracter personal prin limitarea accesului neautorizat, ori impotriva pierderii sau manipularii neautorizate a datelor. In plus, in acord cu evolutia tehnologiei in materie informatica, depunem eforturi continue in scopul adaptarii masurilor de securitate.<\/p>\n<p>5. Utilizarea datelor personale<br \/>\nVom utiliza datele personale numai pentru scopul \u00een care au fost colectate. Vom p\u0103stra aceste informa\u021bii pentru perioada specificat\u0103 la art. 1 de mai sus. Accesul la datele personale este strict limitat personalului YUM SOFTWARE S.R.L..<\/p>\n<p>6. Responsabilitate<br \/>\nYUM SOFTWARE S.R.L. este responsabil\u0103 pentru conformitatea cu GDPR c\u00e2t \u0219i pentru principiile stabilite \u00een aceasta Politica. YUM SOFTWARE S.R.L. va men\u021bine sub responsabilitatea sa un registru in care va tine o evidenta a procesarii datelor cu caracter personal si scopul pentru care au fost colectate iar acolo unde este necesar va pune informa\u021biile la dispozi\u021bia autorit\u0103\u021bilor de supraveghere. Orice \u00eentreb\u0103ri legate de aceast\u0103 politic\u0103 de confiden\u021bialitate pot fi adresate la adresa de email data.protection@yumsoftware.com.<\/p>\n<p>7. Securitatea proces\u0103rii<br \/>\nVom procesa datele \u00een mod sigur, vom aplica \u0219i men\u021bine m\u0103suri tehnice adecvate pentru a proteja datele personale \u00eempotriva distrugerii sau pierderii accidentale sau ilegale, alterare, divulgare sau acces neautorizat. In cazul in care se constat\u0103 posibile \u00eenc\u0103lc\u0103ri a securit\u0103\u0163ii datelor. YUM SOFTWARE S.R.L. are obligatia notific\u0103rii Autoritatii Na\u0163ionale de Supraveghere a Prelucr\u0103rii Datelor cu Caracter Personal \u00een termen de 72 de ore \u0219i a persoanelor vizate \u00een cel mai scurt timp;<\/p>\n<p>8. Accesul \u0219i rectificarea sau \u0219tergerea datelor personale<br \/>\nUtilizatorii au dreptul de a solicita \u00een orice moment pe parcursul perioadei de stocare descrisa in art. 1 din prezenta, exercitarea drepturilor de persoana vizata asa cum sunt prevazute in art. 2 din prezenta politica si de Regulamentul nr. 679\/2016 privind protec\u021bia persoanelor fizice \u00een ceea ce prive\u0219te prelucrarea datelor cu caracter personal \u0219i privind libera circula\u021bie a acestor date (GDPR) prin transmiterea unui email la data.protection@yumsoftware.com.<\/p>\n<p>9. Pl\u00e2ngeri\/sesizari\/solicitari si termene de raspuns<br \/>\nUtilizatorii ale caror date au fost colectate si sau procesate si pentru ale caror scopuri si-au dat consimtamantul, pe toata perioada pentru care aceste date au fost colectate, persoanele vizate \u2013 utilizatorii pot transmite plangeri \/ sesizari \/ solicitari catre YUM SOFTWARE S.R.L. transmitand astfel un email la adresa data.protection@yumsoftware.com. Termenul de raspuns pentru astfel de plangeri\/sesizari\/solicitari este de 30 (treizeci) de zile de la data primirii si inregistrarii acestora.<\/p>\n<p>10. Modific\u0103ri\/completari ale acestei politici<br \/>\nYUM SOFTWARE S.R.L. isi rezerva dreptul de a modifica aceasta politica unilateral ori de cate ori considera ca este nevoie si sau de exemplu \u00een urma unor modific\u0103ri legislative relevante. \u00cen cazul \u00een care se fac modific\u0103ri ale prezentei Politici YUM SOFTWARE S.R.L. le va face cunoscute prin intermediul website-ului http:\/\/www.yumsoftware.ro. \u00cencuraj\u0103m utilizatorii s\u0103 verifice aceast\u0103 pagin\u0103 periodic pentru a fi informa\u021bi despre ultimele nout\u0103\u021bi \u00een ceea ce prive\u0219te Politica generala de confiden\u021bialitate.<\/p>\n<p>11. Date de contact<br \/>\nYUM SOFTWARE S.R.L., cu sediul \u00een Calea Floreasca nr. 175, Partea B, etaj 6, biroul nr. 2, Bucuresti, sector 1, 010564, \u00eenregistrat\u0103 la Oficiul Registrului Comertului, sub nr. J40\/11005\/2009, cod fiscal nr. RO 26215836, adresa de email: office@yumsoftware.ro<\/p>\n","protected":false},"excerpt":{"rendered":"<p>In baza prevederilor Regulamentului nr. 679\/2016 privind protec\u021bia persoanelor fizice \u00een ceea ce prive\u0219te prelucrarea datelor cu caracter personal \u0219i privind libera circula\u021bie a acestor date (GDPR), Prezenta Politica de confidentialitate vizeaza numai clientii YUM SOFTWARE S.R.L. \u015fi utilizatorii serviciilor noastre online, respectiv vizitatorii website-ului nostru. YUM SOFTWARE S.R.L. depune eforturi pentru a asigura protectia [&hellip;]<\/p>\n","protected":false},"author":1,"featured_media":0,"parent":0,"menu_order":0,"comment_status":"closed","ping_status":"closed","template":"","meta":{"footnotes":""},"class_list":["post-3","page","type-page","status-publish","hentry"],"_links":{"self":[{"href":"https:\/\/havefunesports.com\/index.php?rest_route=\/wp\/v2\/pages\/3","targetHints":{"allow":["GET"]}}],"collection":[{"href":"https:\/\/havefunesports.com\/index.php?rest_route=\/wp\/v2\/pages"}],"about":[{"href":"https:\/\/havefunesports.com\/index.php?rest_route=\/wp\/v2\/types\/page"}],"author":[{"embeddable":true,"href":"https:\/\/havefunesports.com\/index.php?rest_route=\/wp\/v2\/users\/1"}],"replies":[{"embeddable":true,"href":"https:\/\/havefunesports.com\/index.php?rest_route=%2Fwp%2Fv2%2Fcomments&post=3"}],"version-history":[{"count":0,"href":"https:\/\/havefunesports.com\/index.php?rest_route=\/wp\/v2\/pages\/3\/revisions"}],"wp:attachment":[{"href":"https:\/\/havefunesports.com\/index.php?rest_route=%2Fwp%2Fv2%2Fmedia&parent=3"}],"curies":[{"name":"wp","href":"https:\/\/api.w.org\/{rel}","templated":true}]}}